{"id":86,"date":"2025-03-19T07:35:00","date_gmt":"2025-03-19T07:35:00","guid":{"rendered":"https:\/\/betterwinlogin.com\/hjem\/"},"modified":"2025-11-18T05:54:07","modified_gmt":"2025-11-18T05:54:07","slug":"hjem","status":"publish","type":"page","link":"https:\/\/betterwinlogin.com\/no\/","title":{"rendered":"Hjem"},"content":{"rendered":"\t\t<div data-elementor-type=\"wp-post\" data-elementor-id=\"86\" class=\"elementor elementor-86 elementor-13\" data-elementor-post-type=\"page\">\n\t\t\t\t<div class=\"elementor-element elementor-element-9957b47 e-flex e-con-boxed e-con e-parent\" data-id=\"9957b47\" data-element_type=\"container\" data-e-type=\"container\" data-settings=\"{&quot;background_background&quot;:&quot;classic&quot;}\">\n\t\t\t\t\t<div class=\"e-con-inner\">\n\t\t<div class=\"elementor-element elementor-element-e718b4d e-con-full e-flex e-con e-child\" data-id=\"e718b4d\" data-element_type=\"container\" data-e-type=\"container\">\n\t\t<div class=\"elementor-element elementor-element-c8927b6 e-con-full e-flex e-con e-child\" data-id=\"c8927b6\" data-element_type=\"container\" data-e-type=\"container\">\n\t\t\t\t<div class=\"elementor-element elementor-element-9451af7 elementor-widget elementor-widget-heading\" data-id=\"9451af7\" data-element_type=\"widget\" data-e-type=\"widget\" data-widget_type=\"heading.default\">\n\t\t\t\t<div class=\"elementor-widget-container\">\n\t\t\t\t\t<h2 class=\"elementor-heading-title elementor-size-default\">100 % velkomstbonus opp til 500 \u20ac + 50 gratisspinn<\/h2>\t\t\t\t<\/div>\n\t\t\t\t<\/div>\n\t\t\t\t<div class=\"elementor-element elementor-element-a83b2be elementor-widget elementor-widget-heading\" data-id=\"a83b2be\" data-element_type=\"widget\" data-e-type=\"widget\" data-widget_type=\"heading.default\">\n\t\t\t\t<div class=\"elementor-widget-container\">\n\t\t\t\t\t<h3 class=\"elementor-heading-title elementor-size-default\">Du b\u00f8r vinne!<\/h3>\t\t\t\t<\/div>\n\t\t\t\t<\/div>\n\t\t\t\t<div class=\"elementor-element elementor-element-a130393 elementor-widget elementor-widget-button\" data-id=\"a130393\" data-element_type=\"widget\" data-e-type=\"widget\" data-widget_type=\"button.default\">\n\t\t\t\t<div class=\"elementor-widget-container\">\n\t\t\t\t\t\t\t\t\t<div class=\"elementor-button-wrapper\">\n\t\t\t\t\t<a class=\"elementor-button elementor-button-link elementor-size-sm\" href=\"https:\/\/betterwinbonus.com\/play\/better-win\/\" target=\"_blank\" rel=\"noopener\">\n\t\t\t\t\t\t<span class=\"elementor-button-content-wrapper\">\n\t\t\t\t\t\t\t\t\t<span class=\"elementor-button-text\">Registrer deg<\/span>\n\t\t\t\t\t<\/span>\n\t\t\t\t\t<\/a>\n\t\t\t\t<\/div>\n\t\t\t\t\t\t\t\t<\/div>\n\t\t\t\t<\/div>\n\t\t\t\t<\/div>\n\t\t\t\t<div class=\"elementor-element elementor-element-73c9bcf elementor-widget elementor-widget-image\" data-id=\"73c9bcf\" data-element_type=\"widget\" data-e-type=\"widget\" data-widget_type=\"image.default\">\n\t\t\t\t<div class=\"elementor-widget-container\">\n\t\t\t\t\t\t\t\t\t\t\t\t\t\t\t<img fetchpriority=\"high\" decoding=\"async\" width=\"800\" height=\"739\" src=\"https:\/\/betterwinlogin.com\/wp-content\/uploads\/2025\/03\/background-home-banner.png\" class=\"attachment-large size-large wp-image-78\" alt=\"\" srcset=\"https:\/\/betterwinlogin.com\/wp-content\/uploads\/2025\/03\/background-home-banner.png 996w, https:\/\/betterwinlogin.com\/wp-content\/uploads\/2025\/03\/background-home-banner-300x277.png 300w, https:\/\/betterwinlogin.com\/wp-content\/uploads\/2025\/03\/background-home-banner-768x709.png 768w\" sizes=\"(max-width: 800px) 100vw, 800px\" \/>\t\t\t\t\t\t\t\t\t\t\t\t\t\t\t<\/div>\n\t\t\t\t<\/div>\n\t\t\t\t<\/div>\n\t\t\t\t<div class=\"elementor-element elementor-element-34e579c elementor-widget elementor-widget-text-editor\" data-id=\"34e579c\" data-element_type=\"widget\" data-e-type=\"widget\" data-widget_type=\"text-editor.default\">\n\t\t\t\t<div class=\"elementor-widget-container\">\n\t\t\t\t\t\t\t\t\t<p data-pm-slice=\"1 1 []\">Mens BetterWin relanseres, sjekk <a href=\"https:\/\/woocasinoonline.com\/\" target=\"_blank\" rel=\"noopener\">WooCasino<\/a>!<\/p><h1 data-pm-slice=\"1 1 []\">BetterWin Casino-p\u00e5logging<\/h1><h2 data-pm-slice=\"1 1 []\">F\u00e5 tilgang til kontoen din og gj\u00f8r krav p\u00e5 eksklusive bonuser<\/h2><h3>Hvordan logge inn p\u00e5 BetterWin Casino<\/h3><p>Det er raskt og enkelt \u00e5 f\u00e5 tilgang til BetterWin Casino-kontoen din:<\/p><ol start=\"1\" data-spread=\"false\"><li><p>Bes\u00f8k den offisielle <a href=\"https:\/\/betterwinbonus.com\/play\/better-win\/\" target=\"_blank\" rel=\"noopener\">nettsiden til BetterWin Casino<\/a>.<\/p><\/li><li><p>Klikk p\u00e5 <strong>p\u00e5loggingsknappen<\/strong> \u00f8verst i h\u00f8yre hj\u00f8rne.<\/p><\/li><li><p>Skriv inn brukernavn og passord.<\/p><\/li><li><p>Klikk p\u00e5 <strong>Logg inn<\/strong> og begynn \u00e5 spille favorittspillene dine umiddelbart.<\/p><\/li><\/ol><p>Har du ikke en konto enn\u00e5? Ikke bekymre deg! Du kan enkelt registrere deg i dag og gj\u00f8re krav p\u00e5 et eksklusivt velkomsttilbud.<\/p><h3>Eksklusivt velkomsttilbud for nye spillere<\/h3><p>Registrer deg i dag og motta en imponerende <strong>velkomstbonus p\u00e5 100 % opp til \u20ac\/$500<\/strong> pluss <strong>50 gratisspinn<\/strong> p\u00e5 ditt f\u00f8rste innskudd. Slik gj\u00f8r du krav p\u00e5 bonusen din:<\/p><ul data-spread=\"false\"><li><p>Bes\u00f8k BetterWin Casinos registreringsside.<\/p><\/li><li><p>Opprett din gratis konto.<\/p><\/li><li><p>Gj\u00f8r ditt f\u00f8rste innskudd og motta umiddelbart en 100 % matchbonus opp til \u20ac\/$500.<\/p><\/li><li><p>Nyt ytterligere 50 gratisspinn p\u00e5 en av BetterWins topprangerte spilleautomater.<\/p><\/li><\/ul><h3>Hvorfor logge inn p\u00e5 BetterWin Casino?<\/h3><ul data-spread=\"false\"><li><p><strong>Stort utvalg av spill:<\/strong> Spilleautomater, bordspill og live casinospill fra toppleverand\u00f8rer som Games Global, Evolution, Pragmatic Play og mange flere.<\/p><\/li><li><p><strong>Eksklusive kampanjer:<\/strong> Regelmessige cashback-tilbud, ukentlige bonuser og spennende turneringer.<\/p><\/li><li><p><strong>Sikre og raske betalinger<\/strong>: Velg mellom popul\u00e6re betalingsmetoder, inkludert kredittkort, kryptovaluta, e-lommeb\u00f8ker og bankoverf\u00f8ringer.<\/p><\/li><\/ul><h3>Raske og sikre transaksjoner<\/h3><p>Hos BetterWin Casino behandles uttakene raskt:<\/p><ul data-spread=\"false\"><li><p><strong>E-lommeb\u00f8ker:<\/strong> innen 24 timer<\/p><\/li><li><p><strong>Bankoverf\u00f8ringer og kort:<\/strong> mellom 1-5 virkedager<\/p><\/li><\/ul><h3>Spr\u00e5k som st\u00f8ttes<\/h3><p>BetterWin er tilgjengelig i:<\/p><ul data-spread=\"false\"><li><p>Engelsk, norsk, finsk, tysk<\/p><\/li><\/ul><h3>P\u00e5litelig og lisensiert kasino<\/h3><p>BetterWin Casino opererer under en lisens utstedt av Anjouan, noe som sikrer trygt og rettferdig spill.<\/p><p>Er du klar til \u00e5 starte spilleventyret ditt? Logg inn n\u00e5 eller registrer deg for \u00e5 nyte eksklusive kampanjer, endel\u00f8s underholdning og store gevinster!<\/p>\t\t\t\t\t\t\t\t<\/div>\n\t\t\t\t<\/div>\n\t\t\t\t<div class=\"elementor-element elementor-element-205f9ec elementor-align-justify elementor-widget elementor-widget-button\" data-id=\"205f9ec\" data-element_type=\"widget\" data-e-type=\"widget\" data-widget_type=\"button.default\">\n\t\t\t\t<div class=\"elementor-widget-container\">\n\t\t\t\t\t\t\t\t\t<div class=\"elementor-button-wrapper\">\n\t\t\t\t\t<a class=\"elementor-button elementor-button-link elementor-size-sm\" href=\"https:\/\/betterwinbonus.com\/play\/better-win\/\" target=\"_blank\" rel=\"noopener\">\n\t\t\t\t\t\t<span class=\"elementor-button-content-wrapper\">\n\t\t\t\t\t\t\t\t\t<span class=\"elementor-button-text\">Registrer deg n\u00e5<\/span>\n\t\t\t\t\t<\/span>\n\t\t\t\t\t<\/a>\n\t\t\t\t<\/div>\n\t\t\t\t\t\t\t\t<\/div>\n\t\t\t\t<\/div>\n\t\t\t\t\t<\/div>\n\t\t\t\t<\/div>\n\t\t\t\t<\/div>\n\t\t","protected":false},"excerpt":{"rendered":"<p>100 % velkomstbonus opp til 500 \u20ac + 50 gratisspinn Du b\u00f8r vinne! Registrer deg Mens BetterWin relanseres, sjekk WooCasino! BetterWin Casino-p\u00e5logging F\u00e5 tilgang til kontoen din og gj\u00f8r krav p\u00e5 eksklusive bonuser Hvordan logge inn p\u00e5 BetterWin Casino Det er raskt og enkelt \u00e5 f\u00e5 tilgang til BetterWin Casino-kontoen din: Bes\u00f8k den offisielle nettsiden [&hellip;]<\/p>\n","protected":false},"author":1,"featured_media":0,"parent":0,"menu_order":0,"comment_status":"closed","ping_status":"closed","template":"","meta":{"footnotes":""},"class_list":["post-86","page","type-page","status-publish","hentry"],"_links":{"self":[{"href":"https:\/\/betterwinlogin.com\/no\/wp-json\/wp\/v2\/pages\/86","targetHints":{"allow":["GET"]}}],"collection":[{"href":"https:\/\/betterwinlogin.com\/no\/wp-json\/wp\/v2\/pages"}],"about":[{"href":"https:\/\/betterwinlogin.com\/no\/wp-json\/wp\/v2\/types\/page"}],"author":[{"embeddable":true,"href":"https:\/\/betterwinlogin.com\/no\/wp-json\/wp\/v2\/users\/1"}],"replies":[{"embeddable":true,"href":"https:\/\/betterwinlogin.com\/no\/wp-json\/wp\/v2\/comments?post=86"}],"version-history":[{"count":2,"href":"https:\/\/betterwinlogin.com\/no\/wp-json\/wp\/v2\/pages\/86\/revisions"}],"predecessor-version":[{"id":97,"href":"https:\/\/betterwinlogin.com\/no\/wp-json\/wp\/v2\/pages\/86\/revisions\/97"}],"wp:attachment":[{"href":"https:\/\/betterwinlogin.com\/no\/wp-json\/wp\/v2\/media?parent=86"}],"curies":[{"name":"wp","href":"https:\/\/api.w.org\/{rel}","templated":true}]}}