{"id":82,"date":"2025-03-19T07:35:00","date_gmt":"2025-03-19T07:35:00","guid":{"rendered":"https:\/\/betterwinlogin.com\/etusivu\/"},"modified":"2025-11-18T05:54:46","modified_gmt":"2025-11-18T05:54:46","slug":"etusivu","status":"publish","type":"page","link":"https:\/\/betterwinlogin.com\/fi\/","title":{"rendered":"Etusivu"},"content":{"rendered":"\t\t<div data-elementor-type=\"wp-post\" data-elementor-id=\"82\" class=\"elementor elementor-82 elementor-13\" data-elementor-post-type=\"page\">\n\t\t\t\t<div class=\"elementor-element elementor-element-9957b47 e-flex e-con-boxed e-con e-parent\" data-id=\"9957b47\" data-element_type=\"container\" data-e-type=\"container\" data-settings=\"{&quot;background_background&quot;:&quot;classic&quot;}\">\n\t\t\t\t\t<div class=\"e-con-inner\">\n\t\t<div class=\"elementor-element elementor-element-e718b4d e-con-full e-flex e-con e-child\" data-id=\"e718b4d\" data-element_type=\"container\" data-e-type=\"container\">\n\t\t<div class=\"elementor-element elementor-element-c8927b6 e-con-full e-flex e-con e-child\" data-id=\"c8927b6\" data-element_type=\"container\" data-e-type=\"container\">\n\t\t\t\t<div class=\"elementor-element elementor-element-9451af7 elementor-widget elementor-widget-heading\" data-id=\"9451af7\" data-element_type=\"widget\" data-e-type=\"widget\" data-widget_type=\"heading.default\">\n\t\t\t\t<div class=\"elementor-widget-container\">\n\t\t\t\t\t<h2 class=\"elementor-heading-title elementor-size-default\">100% tervetuliaisbonus jopa 500\u20ac + 50 ilmaiskierrosta<\/h2>\t\t\t\t<\/div>\n\t\t\t\t<\/div>\n\t\t\t\t<div class=\"elementor-element elementor-element-a83b2be elementor-widget elementor-widget-heading\" data-id=\"a83b2be\" data-element_type=\"widget\" data-e-type=\"widget\" data-widget_type=\"heading.default\">\n\t\t\t\t<div class=\"elementor-widget-container\">\n\t\t\t\t\t<h3 class=\"elementor-heading-title elementor-size-default\">Sinun on parempi voittaa!<\/h3>\t\t\t\t<\/div>\n\t\t\t\t<\/div>\n\t\t\t\t<div class=\"elementor-element elementor-element-a130393 elementor-widget elementor-widget-button\" data-id=\"a130393\" data-element_type=\"widget\" data-e-type=\"widget\" data-widget_type=\"button.default\">\n\t\t\t\t<div class=\"elementor-widget-container\">\n\t\t\t\t\t\t\t\t\t<div class=\"elementor-button-wrapper\">\n\t\t\t\t\t<a class=\"elementor-button elementor-button-link elementor-size-sm\" href=\"https:\/\/betterwinbonus.com\/play\/better-win\/\" target=\"_blank\" rel=\"noopener\">\n\t\t\t\t\t\t<span class=\"elementor-button-content-wrapper\">\n\t\t\t\t\t\t\t\t\t<span class=\"elementor-button-text\">Rekister\u00f6idy<\/span>\n\t\t\t\t\t<\/span>\n\t\t\t\t\t<\/a>\n\t\t\t\t<\/div>\n\t\t\t\t\t\t\t\t<\/div>\n\t\t\t\t<\/div>\n\t\t\t\t<\/div>\n\t\t\t\t<div class=\"elementor-element elementor-element-73c9bcf elementor-widget elementor-widget-image\" data-id=\"73c9bcf\" data-element_type=\"widget\" data-e-type=\"widget\" data-widget_type=\"image.default\">\n\t\t\t\t<div class=\"elementor-widget-container\">\n\t\t\t\t\t\t\t\t\t\t\t\t\t\t\t<img fetchpriority=\"high\" decoding=\"async\" width=\"800\" height=\"739\" src=\"https:\/\/betterwinlogin.com\/wp-content\/uploads\/2025\/03\/background-home-banner.png\" class=\"attachment-large size-large wp-image-76\" alt=\"\" srcset=\"https:\/\/betterwinlogin.com\/wp-content\/uploads\/2025\/03\/background-home-banner.png 996w, https:\/\/betterwinlogin.com\/wp-content\/uploads\/2025\/03\/background-home-banner-300x277.png 300w, https:\/\/betterwinlogin.com\/wp-content\/uploads\/2025\/03\/background-home-banner-768x709.png 768w\" sizes=\"(max-width: 800px) 100vw, 800px\" \/>\t\t\t\t\t\t\t\t\t\t\t\t\t\t\t<\/div>\n\t\t\t\t<\/div>\n\t\t\t\t<\/div>\n\t\t\t\t<div class=\"elementor-element elementor-element-34e579c elementor-widget elementor-widget-text-editor\" data-id=\"34e579c\" data-element_type=\"widget\" data-e-type=\"widget\" data-widget_type=\"text-editor.default\">\n\t\t\t\t<div class=\"elementor-widget-container\">\n\t\t\t\t\t\t\t\t\t<p data-pm-slice=\"1 1 []\">Vaikka BetterWin k\u00e4ynnistyy uudelleen, tarkista <a href=\"https:\/\/woocasinoonline.com\/\" target=\"_blank\" rel=\"noopener\">WooCasino<\/a>!<\/p><h1 data-pm-slice=\"1 1 []\">BetterWin Casino Kirjaudu sis\u00e4\u00e4n<\/h1><h2 data-pm-slice=\"1 1 []\">P\u00e4\u00e4se tilillesi &amp; lunasta eksklusiiviset bonukset<\/h2><h3>Kuinka kirjautua sis\u00e4\u00e4n BetterWin Casinoon<\/h3><p>BetterWin Casino -tilillesi p\u00e4\u00e4sy on nopeaa ja yksinkertaista:<\/p><ol start=\"1\" data-spread=\"false\"><li><p>Vieraile <a href=\"https:\/\/betterwinbonus.com\/play\/better-win\/\" target=\"_blank\" rel=\"noopener\">BetterWin Casinon virallisella verkkosivustolla<\/a>.<\/p><\/li><li><p>Napsauta oikeassa yl\u00e4kulmassa olevaa <strong>Login-painiketta<\/strong>.<\/p><\/li><li><p>Sy\u00f6t\u00e4 k\u00e4ytt\u00e4j\u00e4tunnuksesi ja salasanasi.<\/p><\/li><li><p>Klikkaa <strong>Kirjaudu sis\u00e4\u00e4n<\/strong> ja aloita suosikkipelien pelaaminen v\u00e4litt\u00f6m\u00e4sti.<\/p><\/li><\/ol><p>Eik\u00f6 sinulla ole viel\u00e4 tili\u00e4? Ei h\u00e4t\u00e4\u00e4! Voit helposti rekister\u00f6ity\u00e4 t\u00e4n\u00e4\u00e4n ja lunastaa eksklusiivisen tervetuliaistarjouksen.  <\/p><h3>Eksklusiivinen tervetuliaistarjous uusille pelaajille<\/h3><p>Rekister\u00f6idy t\u00e4n\u00e4\u00e4n ja saat vaikuttavan <strong>100% tervetuliaisbonuksen jopa 500 \u20ac \/ $ 500<\/strong> plus <strong>50 ilmaiskierrosta<\/strong> ensitalletuksestasi. N\u00e4in voit lunastaa bonuksesi: <\/p><ul data-spread=\"false\"><li><p>K\u00e4y BetterWin Casinon rekister\u00f6intisivulla.<\/p><\/li><li><p>Luo ilmainen tili.<\/p><\/li><li><p>Tee ensitalletus ja saat heti 100 % bonuksen aina 500 euroon asti.<\/p><\/li><li><p>Nauti ylim\u00e4\u00e4r\u00e4isist\u00e4 50 ilmaiskierroksesta yhdell\u00e4 BetterWinin huippuluokitelluista kolikkopeleist\u00e4.<\/p><\/li><\/ul><h3>Miksi kirjautua sis\u00e4\u00e4n BetterWin Casinoon?<\/h3><ul data-spread=\"false\"><li><p><strong>Valtava pelivalikoima:<\/strong> Games Globalin, Evolutionin, Pragmatic Playn ja monien muiden huipputason pelintarjoajien kolikkopelit, p\u00f6yt\u00e4pelit ja live-kasinopelit.<\/p><\/li><li><p><strong>Eksklusiiviset kampanjat:<\/strong> S\u00e4\u00e4nn\u00f6lliset cashback-tarjoukset, viikoittaiset bonukset ja j\u00e4nnitt\u00e4v\u00e4t turnaukset.<\/p><\/li><li><p><strong>Turvalliset ja nopeat maksut<\/strong>: Valitse suosituista maksutavoista, kuten luottokortit, kryptovaluutat, s\u00e4hk\u00f6iset lompakot ja pankkisiirrot.<\/p><\/li><\/ul><h3>Nopeat ja turvalliset tapahtumat<\/h3><p>BetterWin Casinolla nostot k\u00e4sitell\u00e4\u00e4n nopeasti:<\/p><ul data-spread=\"false\"><li><p><strong>S\u00e4hk\u00f6iset lompakot:<\/strong> 24 tunnin kuluessa<\/p><\/li><li><p><strong>Pankkisiirrot ja kortit:<\/strong> 1-5 ty\u00f6p\u00e4iv\u00e4\u00e4<\/p><\/li><\/ul><h3>Tuetut kielet<\/h3><p>BetterWin on saatavilla seuraavissa tuotteissa:<\/p><ul data-spread=\"false\"><li><p>englanti, norja, suomi, saksa<\/p><\/li><\/ul><h3>Luotettava &amp; lisensoitu kasino<\/h3><p>BetterWin Casino toimii Anjouanin my\u00f6nt\u00e4m\u00e4n lisenssin nojalla, mik\u00e4 takaa turvallisen ja oikeudenmukaisen pelaamisen.<\/p><p>Oletko valmis aloittamaan peliseikkailusi? Kirjaudu sis\u00e4\u00e4n nyt tai rekister\u00f6idy ja nauti eksklusiivisista kampanjoista, loputtomasta viihteest\u00e4 ja suurista voitoista! <\/p>\t\t\t\t\t\t\t\t<\/div>\n\t\t\t\t<\/div>\n\t\t\t\t<div class=\"elementor-element elementor-element-205f9ec elementor-align-justify elementor-widget elementor-widget-button\" data-id=\"205f9ec\" data-element_type=\"widget\" data-e-type=\"widget\" data-widget_type=\"button.default\">\n\t\t\t\t<div class=\"elementor-widget-container\">\n\t\t\t\t\t\t\t\t\t<div class=\"elementor-button-wrapper\">\n\t\t\t\t\t<a class=\"elementor-button elementor-button-link elementor-size-sm\" href=\"https:\/\/betterwinbonus.com\/play\/better-win\/\" target=\"_blank\" rel=\"noopener\">\n\t\t\t\t\t\t<span class=\"elementor-button-content-wrapper\">\n\t\t\t\t\t\t\t\t\t<span class=\"elementor-button-text\">Rekister\u00f6idy nyt<\/span>\n\t\t\t\t\t<\/span>\n\t\t\t\t\t<\/a>\n\t\t\t\t<\/div>\n\t\t\t\t\t\t\t\t<\/div>\n\t\t\t\t<\/div>\n\t\t\t\t\t<\/div>\n\t\t\t\t<\/div>\n\t\t\t\t<\/div>\n\t\t","protected":false},"excerpt":{"rendered":"<p>100% tervetuliaisbonus jopa 500\u20ac + 50 ilmaiskierrosta Sinun on parempi voittaa! Rekister\u00f6idy Vaikka BetterWin k\u00e4ynnistyy uudelleen, tarkista WooCasino! BetterWin Casino Kirjaudu sis\u00e4\u00e4n P\u00e4\u00e4se tilillesi &amp; lunasta eksklusiiviset bonukset Kuinka kirjautua sis\u00e4\u00e4n BetterWin Casinoon BetterWin Casino -tilillesi p\u00e4\u00e4sy on nopeaa ja yksinkertaista: Vieraile BetterWin Casinon virallisella verkkosivustolla. Napsauta oikeassa yl\u00e4kulmassa olevaa Login-painiketta. Sy\u00f6t\u00e4 k\u00e4ytt\u00e4j\u00e4tunnuksesi ja salasanasi. [&hellip;]<\/p>\n","protected":false},"author":1,"featured_media":0,"parent":0,"menu_order":0,"comment_status":"closed","ping_status":"closed","template":"","meta":{"footnotes":""},"class_list":["post-82","page","type-page","status-publish","hentry"],"_links":{"self":[{"href":"https:\/\/betterwinlogin.com\/fi\/wp-json\/wp\/v2\/pages\/82","targetHints":{"allow":["GET"]}}],"collection":[{"href":"https:\/\/betterwinlogin.com\/fi\/wp-json\/wp\/v2\/pages"}],"about":[{"href":"https:\/\/betterwinlogin.com\/fi\/wp-json\/wp\/v2\/types\/page"}],"author":[{"embeddable":true,"href":"https:\/\/betterwinlogin.com\/fi\/wp-json\/wp\/v2\/users\/1"}],"replies":[{"embeddable":true,"href":"https:\/\/betterwinlogin.com\/fi\/wp-json\/wp\/v2\/comments?post=82"}],"version-history":[{"count":2,"href":"https:\/\/betterwinlogin.com\/fi\/wp-json\/wp\/v2\/pages\/82\/revisions"}],"predecessor-version":[{"id":98,"href":"https:\/\/betterwinlogin.com\/fi\/wp-json\/wp\/v2\/pages\/82\/revisions\/98"}],"wp:attachment":[{"href":"https:\/\/betterwinlogin.com\/fi\/wp-json\/wp\/v2\/media?parent=82"}],"curies":[{"name":"wp","href":"https:\/\/api.w.org\/{rel}","templated":true}]}}