{"id":84,"date":"2025-03-19T07:35:00","date_gmt":"2025-03-19T07:35:00","guid":{"rendered":"https:\/\/betterwinlogin.com\/startseite\/"},"modified":"2025-11-18T05:53:42","modified_gmt":"2025-11-18T05:53:42","slug":"startseite","status":"publish","type":"page","link":"https:\/\/betterwinlogin.com\/de\/","title":{"rendered":"Startseite"},"content":{"rendered":"\t\t<div data-elementor-type=\"wp-post\" data-elementor-id=\"84\" class=\"elementor elementor-84 elementor-13\" data-elementor-post-type=\"page\">\n\t\t\t\t<div class=\"elementor-element elementor-element-9957b47 e-flex e-con-boxed e-con e-parent\" data-id=\"9957b47\" data-element_type=\"container\" data-e-type=\"container\" data-settings=\"{&quot;background_background&quot;:&quot;classic&quot;}\">\n\t\t\t\t\t<div class=\"e-con-inner\">\n\t\t<div class=\"elementor-element elementor-element-e718b4d e-con-full e-flex e-con e-child\" data-id=\"e718b4d\" data-element_type=\"container\" data-e-type=\"container\">\n\t\t<div class=\"elementor-element elementor-element-c8927b6 e-con-full e-flex e-con e-child\" data-id=\"c8927b6\" data-element_type=\"container\" data-e-type=\"container\">\n\t\t\t\t<div class=\"elementor-element elementor-element-9451af7 elementor-widget elementor-widget-heading\" data-id=\"9451af7\" data-element_type=\"widget\" data-e-type=\"widget\" data-widget_type=\"heading.default\">\n\t\t\t\t<div class=\"elementor-widget-container\">\n\t\t\t\t\t<h2 class=\"elementor-heading-title elementor-size-default\">100% Willkommensbonus bis zu 500\u20ac + 50 Freispiele<\/h2>\t\t\t\t<\/div>\n\t\t\t\t<\/div>\n\t\t\t\t<div class=\"elementor-element elementor-element-a83b2be elementor-widget elementor-widget-heading\" data-id=\"a83b2be\" data-element_type=\"widget\" data-e-type=\"widget\" data-widget_type=\"heading.default\">\n\t\t\t\t<div class=\"elementor-widget-container\">\n\t\t\t\t\t<h3 class=\"elementor-heading-title elementor-size-default\">Gewinnen Sie besser!<\/h3>\t\t\t\t<\/div>\n\t\t\t\t<\/div>\n\t\t\t\t<div class=\"elementor-element elementor-element-a130393 elementor-widget elementor-widget-button\" data-id=\"a130393\" data-element_type=\"widget\" data-e-type=\"widget\" data-widget_type=\"button.default\">\n\t\t\t\t<div class=\"elementor-widget-container\">\n\t\t\t\t\t\t\t\t\t<div class=\"elementor-button-wrapper\">\n\t\t\t\t\t<a class=\"elementor-button elementor-button-link elementor-size-sm\" href=\"https:\/\/betterwinbonus.com\/play\/better-win\/\" target=\"_blank\" rel=\"noopener\">\n\t\t\t\t\t\t<span class=\"elementor-button-content-wrapper\">\n\t\t\t\t\t\t\t\t\t<span class=\"elementor-button-text\">Registrieren Sie sich<\/span>\n\t\t\t\t\t<\/span>\n\t\t\t\t\t<\/a>\n\t\t\t\t<\/div>\n\t\t\t\t\t\t\t\t<\/div>\n\t\t\t\t<\/div>\n\t\t\t\t<\/div>\n\t\t\t\t<div class=\"elementor-element elementor-element-73c9bcf elementor-widget elementor-widget-image\" data-id=\"73c9bcf\" data-element_type=\"widget\" data-e-type=\"widget\" data-widget_type=\"image.default\">\n\t\t\t\t<div class=\"elementor-widget-container\">\n\t\t\t\t\t\t\t\t\t\t\t\t\t\t\t<img fetchpriority=\"high\" decoding=\"async\" width=\"800\" height=\"739\" src=\"https:\/\/betterwinlogin.com\/wp-content\/uploads\/2025\/03\/background-home-banner.png\" class=\"attachment-large size-large wp-image-77\" alt=\"\" srcset=\"https:\/\/betterwinlogin.com\/wp-content\/uploads\/2025\/03\/background-home-banner.png 996w, https:\/\/betterwinlogin.com\/wp-content\/uploads\/2025\/03\/background-home-banner-300x277.png 300w, https:\/\/betterwinlogin.com\/wp-content\/uploads\/2025\/03\/background-home-banner-768x709.png 768w\" sizes=\"(max-width: 800px) 100vw, 800px\" \/>\t\t\t\t\t\t\t\t\t\t\t\t\t\t\t<\/div>\n\t\t\t\t<\/div>\n\t\t\t\t<\/div>\n\t\t\t\t<div class=\"elementor-element elementor-element-34e579c elementor-widget elementor-widget-text-editor\" data-id=\"34e579c\" data-element_type=\"widget\" data-e-type=\"widget\" data-widget_type=\"text-editor.default\">\n\t\t\t\t<div class=\"elementor-widget-container\">\n\t\t\t\t\t\t\t\t\t<p data-pm-slice=\"1 1 []\">W\u00e4hrend BetterWin neu startet, pr\u00fcfen Sie <a href=\"https:\/\/woocasinoonline.com\/\" target=\"_blank\" rel=\"noopener\">WooCasino<\/a>!<\/p><h1 data-pm-slice=\"1 1 []\">BetterWin Casino Anmeldung<\/h1><h2 data-pm-slice=\"1 1 []\">Zugriff auf Ihr Konto &amp; Exklusive Boni anfordern<\/h2><h3>Wie man sich bei BetterWin Casino anmeldet<\/h3><p>Der Zugriff auf Ihr BetterWin Casino-Konto ist schnell und einfach:<\/p><ol start=\"1\" data-spread=\"false\"><li><p>Besuchen Sie die offizielle <a href=\"https:\/\/betterwinbonus.com\/play\/better-win\/\" target=\"_blank\" rel=\"noopener\">Website von BetterWin Casino<\/a>.<\/p><\/li><li><p>Klicken Sie auf die Schaltfl\u00e4che <strong>Login<\/strong> in der oberen rechten Ecke.<\/p><\/li><li><p>Geben Sie Ihren Benutzernamen und Ihr Passwort ein.<\/p><\/li><li><p>Klicken Sie auf <strong>Login<\/strong> und spielen Sie sofort Ihre Lieblingsspiele.<\/p><\/li><\/ol><p>Sie haben noch kein Konto? Machen Sie sich keine Sorgen! Sie k\u00f6nnen sich noch heute registrieren und ein exklusives Willkommensangebot in Anspruch nehmen.  <\/p><h3>Exklusives Willkommensangebot f\u00fcr neue Spieler<\/h3><p>Melden Sie sich noch heute an und erhalten Sie einen beeindruckenden <strong>100% Willkommensbonus bis zu \u20ac\/$500<\/strong> plus <strong>50 Freispiele<\/strong> auf Ihre erste Einzahlung. Hier erfahren Sie, wie Sie Ihren Bonus beantragen k\u00f6nnen: <\/p><ul data-spread=\"false\"><li><p>Besuchen Sie die Registrierungsseite von BetterWin Casino.<\/p><\/li><li><p>Erstellen Sie Ihr kostenloses Konto.<\/p><\/li><li><p>Machen Sie Ihre erste Einzahlung und erhalten Sie sofort einen 100%igen Bonus bis zu \u20ac\/$500.<\/p><\/li><li><p>Genie\u00dfen Sie zus\u00e4tzlich 50 Freispiele an einem der hoch bewerteten Spielautomaten von BetterWin.<\/p><\/li><\/ul><h3>Warum sollten Sie sich bei BetterWin Casino anmelden?<\/h3><ul data-spread=\"false\"><li><p><strong>Riesige Spielauswahl:<\/strong> Spielautomaten, Tischspiele und Live-Casino-Spiele von erstklassigen Anbietern wie Games Global, Evolution, Pragmatic Play und vielen anderen.<\/p><\/li><li><p><strong>Exklusive Promotionen:<\/strong> Regelm\u00e4\u00dfige Cashback-Angebote, w\u00f6chentliche Bonusse und spannende Turniere.<\/p><\/li><li><p><strong>Sichere &amp; schnelle Zahlungen<\/strong>: W\u00e4hlen Sie aus beliebten Zahlungsmethoden wie Kreditkarten, Kryptow\u00e4hrungen, E-Wallets und Bank\u00fcberweisungen.<\/p><\/li><\/ul><h3>Schnelle &amp; sichere Transaktionen<\/h3><p>Bei BetterWin Casino werden Auszahlungen schnell bearbeitet:<\/p><ul data-spread=\"false\"><li><p><strong>E-Wallets:<\/strong> innerhalb von 24 Stunden<\/p><\/li><li><p><strong>Bank\u00fcberweisungen und Karten:<\/strong> zwischen 1-5 Werktagen<\/p><\/li><\/ul><h3>Unterst\u00fctzte Sprachen<\/h3><p>BetterWin ist verf\u00fcgbar in:<\/p><ul data-spread=\"false\"><li><p>Englisch, Norwegisch, Finnisch, Deutsch<\/p><\/li><\/ul><h3>Zuverl\u00e4ssiges &amp; lizenziertes Casino<\/h3><p>BetterWin Casino arbeitet mit einer von Anjouan ausgestellten Lizenz, die sicheres und faires Spielen garantiert.<\/p><p>Sind Sie bereit, Ihr Spielabenteuer zu beginnen? Melden Sie sich jetzt an oder registrieren Sie sich, um exklusive Aktionen, endlose Unterhaltung und gro\u00dfe Gewinne zu genie\u00dfen! <\/p>\t\t\t\t\t\t\t\t<\/div>\n\t\t\t\t<\/div>\n\t\t\t\t<div class=\"elementor-element elementor-element-205f9ec elementor-align-justify elementor-widget elementor-widget-button\" data-id=\"205f9ec\" data-element_type=\"widget\" data-e-type=\"widget\" data-widget_type=\"button.default\">\n\t\t\t\t<div class=\"elementor-widget-container\">\n\t\t\t\t\t\t\t\t\t<div class=\"elementor-button-wrapper\">\n\t\t\t\t\t<a class=\"elementor-button elementor-button-link elementor-size-sm\" href=\"https:\/\/betterwinbonus.com\/play\/better-win\/\" target=\"_blank\" rel=\"noopener\">\n\t\t\t\t\t\t<span class=\"elementor-button-content-wrapper\">\n\t\t\t\t\t\t\t\t\t<span class=\"elementor-button-text\">Jetzt anmelden<\/span>\n\t\t\t\t\t<\/span>\n\t\t\t\t\t<\/a>\n\t\t\t\t<\/div>\n\t\t\t\t\t\t\t\t<\/div>\n\t\t\t\t<\/div>\n\t\t\t\t\t<\/div>\n\t\t\t\t<\/div>\n\t\t\t\t<\/div>\n\t\t","protected":false},"excerpt":{"rendered":"<p>100% Willkommensbonus bis zu 500\u20ac + 50 Freispiele Gewinnen Sie besser! Registrieren Sie sich W\u00e4hrend BetterWin neu startet, pr\u00fcfen Sie WooCasino! BetterWin Casino Anmeldung Zugriff auf Ihr Konto &amp; Exklusive Boni anfordern Wie man sich bei BetterWin Casino anmeldet Der Zugriff auf Ihr BetterWin Casino-Konto ist schnell und einfach: Besuchen Sie die offizielle Website von [&hellip;]<\/p>\n","protected":false},"author":1,"featured_media":0,"parent":0,"menu_order":0,"comment_status":"closed","ping_status":"closed","template":"","meta":{"footnotes":""},"class_list":["post-84","page","type-page","status-publish","hentry"],"_links":{"self":[{"href":"https:\/\/betterwinlogin.com\/de\/wp-json\/wp\/v2\/pages\/84","targetHints":{"allow":["GET"]}}],"collection":[{"href":"https:\/\/betterwinlogin.com\/de\/wp-json\/wp\/v2\/pages"}],"about":[{"href":"https:\/\/betterwinlogin.com\/de\/wp-json\/wp\/v2\/types\/page"}],"author":[{"embeddable":true,"href":"https:\/\/betterwinlogin.com\/de\/wp-json\/wp\/v2\/users\/1"}],"replies":[{"embeddable":true,"href":"https:\/\/betterwinlogin.com\/de\/wp-json\/wp\/v2\/comments?post=84"}],"version-history":[{"count":2,"href":"https:\/\/betterwinlogin.com\/de\/wp-json\/wp\/v2\/pages\/84\/revisions"}],"predecessor-version":[{"id":96,"href":"https:\/\/betterwinlogin.com\/de\/wp-json\/wp\/v2\/pages\/84\/revisions\/96"}],"wp:attachment":[{"href":"https:\/\/betterwinlogin.com\/de\/wp-json\/wp\/v2\/media?parent=84"}],"curies":[{"name":"wp","href":"https:\/\/api.w.org\/{rel}","templated":true}]}}